{"id":9,"date":"2017-06-27T17:40:37","date_gmt":"2017-06-27T15:40:37","guid":{"rendered":"https:\/\/grafem.se\/?page_id=9"},"modified":"2023-01-26T16:09:35","modified_gmt":"2023-01-26T15:09:35","slug":"kontakt","status":"publish","type":"page","link":"https:\/\/grafem.se\/index.php\/kontakt\/","title":{"rendered":"Kontakt"},"content":{"rendered":"<h3 style=\"text-align: center;\">Graf\u00e9m F\u00f6rlag<\/h3>\n<p style=\"text-align: center;\">Ronnebyv\u00e4gen 2<br \/>\n121 52 Johanneshov<\/p>\n<p style=\"text-align: center;\">Se <a href=\"http:\/\/pageline.se\">PageLine AB<\/a><\/p>\n<p style=\"text-align: center;\">Mobil <a href=\"tel:070 755 31 95\">070 755 31 95<\/a><\/p>\n<div class=\"su-gmap su-u-responsive-media-yes\"><iframe loading=\"lazy\" width=\"600\" height=\"400\" src=\"\/\/maps.google.com\/maps?q=Ronnebyv%C3%A4gen%202%2C%20Johanneshov&amp;output=embed\" title=\"\"><\/iframe><\/div>\n","protected":false},"excerpt":{"rendered":"<p>Graf\u00e9m F\u00f6rlag Ronnebyv\u00e4gen 2 121 52 Johanneshov Se PageLine AB Mobil 070 755 31 95<\/p>\n","protected":false},"author":1,"featured_media":0,"parent":0,"menu_order":0,"comment_status":"closed","ping_status":"closed","template":"","meta":{"generate_page_header":"","footnotes":""},"class_list":["post-9","page","type-page","status-publish"],"aioseo_notices":[],"_links":{"self":[{"href":"https:\/\/grafem.se\/index.php\/wp-json\/wp\/v2\/pages\/9","targetHints":{"allow":["GET"]}}],"collection":[{"href":"https:\/\/grafem.se\/index.php\/wp-json\/wp\/v2\/pages"}],"about":[{"href":"https:\/\/grafem.se\/index.php\/wp-json\/wp\/v2\/types\/page"}],"author":[{"embeddable":true,"href":"https:\/\/grafem.se\/index.php\/wp-json\/wp\/v2\/users\/1"}],"replies":[{"embeddable":true,"href":"https:\/\/grafem.se\/index.php\/wp-json\/wp\/v2\/comments?post=9"}],"version-history":[{"count":14,"href":"https:\/\/grafem.se\/index.php\/wp-json\/wp\/v2\/pages\/9\/revisions"}],"predecessor-version":[{"id":111,"href":"https:\/\/grafem.se\/index.php\/wp-json\/wp\/v2\/pages\/9\/revisions\/111"}],"wp:attachment":[{"href":"https:\/\/grafem.se\/index.php\/wp-json\/wp\/v2\/media?parent=9"}],"curies":[{"name":"wp","href":"https:\/\/api.w.org\/{rel}","templated":true}]}}