{"id":8,"date":"2017-06-27T17:40:37","date_gmt":"2017-06-27T15:40:37","guid":{"rendered":"https:\/\/grafem.se\/?page_id=8"},"modified":"2023-01-26T16:09:35","modified_gmt":"2023-01-26T15:09:35","slug":"om","status":"publish","type":"page","link":"https:\/\/grafem.se\/index.php\/om\/","title":{"rendered":"Om"},"content":{"rendered":"<p style=\"text-align: center;\">Graf\u00e9m F\u00f6rlag drivs av mig, Jacob Blomqvist.<\/p>\n<p style=\"text-align: center;\">B\u00f6cker och utbildning i grafisk produktion f\u00f6r tryck<br \/>\noch webb \u00e4r min verksamhet.<\/p>\n<p style=\"text-align: center;\">Min aktiva verksamhet finns p\u00e5 <a href=\"https:\/\/pageline.se\" target=\"_blank\" rel=\"noopener\">Pageline AB<\/a>.<\/p>\n","protected":false},"excerpt":{"rendered":"<p>Graf\u00e9m F\u00f6rlag drivs av mig, Jacob Blomqvist. B\u00f6cker och utbildning i grafisk produktion f\u00f6r tryck och webb \u00e4r min verksamhet. Min aktiva verksamhet finns p\u00e5 Pageline AB.<\/p>\n","protected":false},"author":1,"featured_media":0,"parent":0,"menu_order":0,"comment_status":"closed","ping_status":"closed","template":"","meta":{"generate_page_header":"","footnotes":""},"class_list":["post-8","page","type-page","status-publish"],"aioseo_notices":[],"_links":{"self":[{"href":"https:\/\/grafem.se\/index.php\/wp-json\/wp\/v2\/pages\/8","targetHints":{"allow":["GET"]}}],"collection":[{"href":"https:\/\/grafem.se\/index.php\/wp-json\/wp\/v2\/pages"}],"about":[{"href":"https:\/\/grafem.se\/index.php\/wp-json\/wp\/v2\/types\/page"}],"author":[{"embeddable":true,"href":"https:\/\/grafem.se\/index.php\/wp-json\/wp\/v2\/users\/1"}],"replies":[{"embeddable":true,"href":"https:\/\/grafem.se\/index.php\/wp-json\/wp\/v2\/comments?post=8"}],"version-history":[{"count":8,"href":"https:\/\/grafem.se\/index.php\/wp-json\/wp\/v2\/pages\/8\/revisions"}],"predecessor-version":[{"id":159,"href":"https:\/\/grafem.se\/index.php\/wp-json\/wp\/v2\/pages\/8\/revisions\/159"}],"wp:attachment":[{"href":"https:\/\/grafem.se\/index.php\/wp-json\/wp\/v2\/media?parent=8"}],"curies":[{"name":"wp","href":"https:\/\/api.w.org\/{rel}","templated":true}]}}