{"id":7,"date":"2017-06-27T17:40:37","date_gmt":"2017-06-27T15:40:37","guid":{"rendered":"https:\/\/grafem.se\/?page_id=7"},"modified":"2023-01-26T16:09:35","modified_gmt":"2023-01-26T15:09:35","slug":"startsida","status":"publish","type":"page","link":"https:\/\/grafem.se\/","title":{"rendered":"Hem"},"content":{"rendered":"<h3 style=\"text-align: center;\">V\u00e4lkommen till Graf\u00e9m F\u00f6rlag!<\/h3>\n<p style=\"text-align: center;\">Producerar utbildning f\u00f6r dina utbildningsbehov \u2013 kontakta mig f\u00f6r mer information.<\/p>\n<p style=\"text-align: center;\"><img loading=\"lazy\" decoding=\"async\" class=\" wp-image-116 aligncenter\" src=\"https:\/\/grafem.se\/wp-content\/uploads\/2018\/02\/pen-15-e1499457062322-300x300.png\" alt=\"\" width=\"126\" height=\"126\" srcset=\"https:\/\/grafem.se\/wp-content\/uploads\/2018\/02\/pen-15-e1499457062322-300x300.png 300w, https:\/\/grafem.se\/wp-content\/uploads\/2018\/02\/pen-15-e1499457062322-300x300-150x150.png 150w\" sizes=\"(max-width: 126px) 100vw, 126px\" \/><\/p>\n<p><img loading=\"lazy\" decoding=\"async\" class=\" wp-image-115 aligncenter\" src=\"https:\/\/grafem.se\/wp-content\/uploads\/2018\/02\/book-5-300x300.png\" alt=\"\" width=\"126\" height=\"126\" srcset=\"https:\/\/grafem.se\/wp-content\/uploads\/2018\/02\/book-5-300x300.png 300w, https:\/\/grafem.se\/wp-content\/uploads\/2018\/02\/book-5-300x300-150x150.png 150w\" sizes=\"(max-width: 126px) 100vw, 126px\" \/><\/p>\n","protected":false},"excerpt":{"rendered":"<p>V\u00e4lkommen till Graf\u00e9m F\u00f6rlag! Producerar utbildning f\u00f6r dina utbildningsbehov \u2013 kontakta mig f\u00f6r mer information.<\/p>\n","protected":false},"author":1,"featured_media":0,"parent":0,"menu_order":0,"comment_status":"closed","ping_status":"closed","template":"","meta":{"generate_page_header":"","footnotes":""},"aioseo_notices":[],"_links":{"self":[{"href":"https:\/\/grafem.se\/index.php\/wp-json\/wp\/v2\/pages\/7"}],"collection":[{"href":"https:\/\/grafem.se\/index.php\/wp-json\/wp\/v2\/pages"}],"about":[{"href":"https:\/\/grafem.se\/index.php\/wp-json\/wp\/v2\/types\/page"}],"author":[{"embeddable":true,"href":"https:\/\/grafem.se\/index.php\/wp-json\/wp\/v2\/users\/1"}],"replies":[{"embeddable":true,"href":"https:\/\/grafem.se\/index.php\/wp-json\/wp\/v2\/comments?post=7"}],"version-history":[{"count":11,"href":"https:\/\/grafem.se\/index.php\/wp-json\/wp\/v2\/pages\/7\/revisions"}],"predecessor-version":[{"id":118,"href":"https:\/\/grafem.se\/index.php\/wp-json\/wp\/v2\/pages\/7\/revisions\/118"}],"wp:attachment":[{"href":"https:\/\/grafem.se\/index.php\/wp-json\/wp\/v2\/media?parent=7"}],"curies":[{"name":"wp","href":"https:\/\/api.w.org\/{rel}","templated":true}]}}