{"id":59,"date":"2017-06-28T16:08:38","date_gmt":"2017-06-28T14:08:38","guid":{"rendered":"https:\/\/grafem.se\/?page_id=59"},"modified":"2023-01-26T16:09:35","modified_gmt":"2023-01-26T15:09:35","slug":"bocker","status":"publish","type":"page","link":"https:\/\/grafem.se\/index.php\/bocker\/","title":{"rendered":"B\u00f6cker \u2013 nedladdning"},"content":{"rendered":"<h4 style=\"text-align: left;\">Aktuell bok<\/h4>\n<p><img loading=\"lazy\" decoding=\"async\" class=\"size-medium wp-image-50 aligncenter\" src=\"https:\/\/grafem.se\/wp-content\/uploads\/2017\/06\/cropped-InDesignCC_abc_1-25_demo-1-e1498658825427-300x223.jpg\" alt=\"\" width=\"300\" height=\"223\" srcset=\"https:\/\/grafem.se\/wp-content\/uploads\/2017\/06\/cropped-InDesignCC_abc_1-25_demo-1-e1498658825427-300x223.jpg 300w, https:\/\/grafem.se\/wp-content\/uploads\/2017\/06\/cropped-InDesignCC_abc_1-25_demo-1-e1498658825427-768x571.jpg 768w, https:\/\/grafem.se\/wp-content\/uploads\/2017\/06\/cropped-InDesignCC_abc_1-25_demo-1-e1498658825427.jpg 840w\" sizes=\"auto, (max-width: 300px) 100vw, 300px\" \/><\/p>\n<p style=\"text-align: center;\">Den tryckta boken \u00e4r sluts\u00e5ld.<\/p>\n<h2 style=\"text-align: center;\">Hela InDesignboken \u2013 gratis!<\/h2>\n<p style=\"text-align: center;\">H\u00e4r kan du ladda ner boken i sin helhet (2013, 160 sidor, PDF):<a href=\"https:\/\/grafem.se\/wp-content\/uploads\/2017\/06\/InDesignCC_abc_1-25_demo.pdf\" target=\"_blank\" rel=\"noopener noreferrer\"><br \/>\n<\/a><a href=\"https:\/\/grafem.se\/wp-content\/uploads\/2021\/01\/InDesignCC_abc_Blomqvist.pdf\" target=\"_blank\" rel=\"noopener noreferrer\"><img loading=\"lazy\" decoding=\"async\" class=\"aligncenter wp-image-13 size-medium\" src=\"https:\/\/grafem.se\/wp-content\/uploads\/2017\/06\/InDesignCC_abc_omslag-e1498660301422-300x225.jpg\" alt=\"\" width=\"300\" height=\"225\" srcset=\"https:\/\/grafem.se\/wp-content\/uploads\/2017\/06\/InDesignCC_abc_omslag-e1498660301422-300x225.jpg 300w, https:\/\/grafem.se\/wp-content\/uploads\/2017\/06\/InDesignCC_abc_omslag-e1498660301422-768x577.jpg 768w, https:\/\/grafem.se\/wp-content\/uploads\/2017\/06\/InDesignCC_abc_omslag-e1498660301422-1024x769.jpg 1024w, https:\/\/grafem.se\/wp-content\/uploads\/2017\/06\/InDesignCC_abc_omslag-e1498660301422.jpg 1385w\" sizes=\"auto, (max-width: 300px) 100vw, 300px\" \/><\/a><\/p>\n<h4 style=\"text-align: center;\">\u00d6vningsmaterial InDesignboken<\/h4>\n<p style=\"text-align: center;\">H\u00e4r kan du <a href=\"https:\/\/www.dropbox.com\/s\/798c8rh9vdstbi9\/Kurs_InDesign_CS6.zip?dl=0\">ladda ner<\/a> \u00f6vningsmaterialet (445 MB, samma som p\u00e5 CD:n).<\/p>\n<h2 style=\"text-align: center;\">Hela Photoshopboken \u2013 gratis!<\/h2>\n<p style=\"text-align: center;\">H\u00e4r kan du ladda ner boken (fr\u00e5n 2004 \u2013 men mycket st\u00e5r sig!) i sin helhet (176 sidor PDF):<\/p>\n<p style=\"text-align: center;\"><a href=\"https:\/\/grafem.se\/wp-content\/uploads\/2021\/01\/PS_CSBok_farg.pdf\" target=\"_blank\" rel=\"noopener noreferrer\"><img loading=\"lazy\" decoding=\"async\" class=\"aligncenter wp-image-141 size-medium\" src=\"https:\/\/grafem.se\/wp-content\/uploads\/2018\/04\/gratis-photoshopbok-300x214.jpg\" alt=\"\" width=\"300\" height=\"214\" srcset=\"https:\/\/grafem.se\/wp-content\/uploads\/2018\/04\/gratis-photoshopbok-300x214.jpg 300w, https:\/\/grafem.se\/wp-content\/uploads\/2018\/04\/gratis-photoshopbok-768x547.jpg 768w, https:\/\/grafem.se\/wp-content\/uploads\/2018\/04\/gratis-photoshopbok.jpg 992w\" sizes=\"auto, (max-width: 300px) 100vw, 300px\" \/><\/a><\/p>\n<h4 style=\"text-align: center;\">\u00d6vningsmaterial Photoshopboken<\/h4>\n<p style=\"text-align: center;\">H\u00e4r kan du <a href=\"https:\/\/www.dropbox.com\/s\/l516rwdtwlse0rq\/Fotokurs.zip?dl=0\">ladda ner<\/a> \u00f6vningsmaterialet (242 MB, samma som p\u00e5 CD:n).<\/p>\n","protected":false},"excerpt":{"rendered":"<p>Aktuell bok Den tryckta boken \u00e4r sluts\u00e5ld. Hela InDesignboken \u2013 gratis! H\u00e4r kan du ladda ner boken i sin helhet (2013, 160 sidor, PDF): \u00d6vningsmaterial InDesignboken H\u00e4r kan du ladda ner \u00f6vningsmaterialet (445 MB, samma som p\u00e5 CD:n). Hela Photoshopboken \u2013 gratis! H\u00e4r kan du ladda ner boken (fr\u00e5n 2004 \u2013 men mycket st\u00e5r sig!) &#8230; <a title=\"B\u00f6cker \u2013 nedladdning\" class=\"read-more\" href=\"https:\/\/grafem.se\/index.php\/bocker\/\" aria-label=\"Mer p\u00e5 B\u00f6cker \u2013 nedladdning\">Read more<\/a><\/p>\n","protected":false},"author":1,"featured_media":0,"parent":0,"menu_order":0,"comment_status":"closed","ping_status":"closed","template":"","meta":{"generate_page_header":"","footnotes":""},"class_list":["post-59","page","type-page","status-publish"],"aioseo_notices":[],"_links":{"self":[{"href":"https:\/\/grafem.se\/index.php\/wp-json\/wp\/v2\/pages\/59","targetHints":{"allow":["GET"]}}],"collection":[{"href":"https:\/\/grafem.se\/index.php\/wp-json\/wp\/v2\/pages"}],"about":[{"href":"https:\/\/grafem.se\/index.php\/wp-json\/wp\/v2\/types\/page"}],"author":[{"embeddable":true,"href":"https:\/\/grafem.se\/index.php\/wp-json\/wp\/v2\/users\/1"}],"replies":[{"embeddable":true,"href":"https:\/\/grafem.se\/index.php\/wp-json\/wp\/v2\/comments?post=59"}],"version-history":[{"count":21,"href":"https:\/\/grafem.se\/index.php\/wp-json\/wp\/v2\/pages\/59\/revisions"}],"predecessor-version":[{"id":171,"href":"https:\/\/grafem.se\/index.php\/wp-json\/wp\/v2\/pages\/59\/revisions\/171"}],"wp:attachment":[{"href":"https:\/\/grafem.se\/index.php\/wp-json\/wp\/v2\/media?parent=59"}],"curies":[{"name":"wp","href":"https:\/\/api.w.org\/{rel}","templated":true}]}}